{"id":1926,"date":"2020-01-04T01:00:19","date_gmt":"2020-01-04T01:00:19","guid":{"rendered":"https:\/\/vietnam.talkglobalstudy.com\/register\/"},"modified":"2023-06-22T13:20:15","modified_gmt":"2023-06-22T12:20:15","slug":"register","status":"publish","type":"page","link":"https:\/\/vn.talkglobalstudy.com\/vi\/register\/","title":{"rendered":"\u0110\u0103ng k\u00fd"},"content":{"rendered":"","protected":false},"excerpt":{"rendered":"","protected":false},"author":1,"featured_media":0,"parent":0,"menu_order":2,"comment_status":"closed","ping_status":"closed","template":"page_templates\/page-registration.php","meta":{"_acf_changed":false,"footnotes":""},"acf":[],"_links":{"self":[{"href":"https:\/\/vn.talkglobalstudy.com\/vi\/wp-json\/wp\/v2\/pages\/1926"}],"collection":[{"href":"https:\/\/vn.talkglobalstudy.com\/vi\/wp-json\/wp\/v2\/pages"}],"about":[{"href":"https:\/\/vn.talkglobalstudy.com\/vi\/wp-json\/wp\/v2\/types\/page"}],"author":[{"embeddable":true,"href":"https:\/\/vn.talkglobalstudy.com\/vi\/wp-json\/wp\/v2\/users\/1"}],"replies":[{"embeddable":true,"href":"https:\/\/vn.talkglobalstudy.com\/vi\/wp-json\/wp\/v2\/comments?post=1926"}],"version-history":[{"count":8,"href":"https:\/\/vn.talkglobalstudy.com\/vi\/wp-json\/wp\/v2\/pages\/1926\/revisions"}],"predecessor-version":[{"id":2629,"href":"https:\/\/vn.talkglobalstudy.com\/vi\/wp-json\/wp\/v2\/pages\/1926\/revisions\/2629"}],"wp:attachment":[{"href":"https:\/\/vn.talkglobalstudy.com\/vi\/wp-json\/wp\/v2\/media?parent=1926"}],"curies":[{"name":"wp","href":"https:\/\/api.w.org\/{rel}","templated":true}]}}